{"id":43655,"date":"2023-01-20T13:22:43","date_gmt":"2023-01-20T11:22:43","guid":{"rendered":"https:\/\/www.artop.de\/?page_id=43655"},"modified":"2023-01-20T15:55:56","modified_gmt":"2023-01-20T13:55:56","slug":"shop","status":"publish","type":"page","link":"https:\/\/www.artop.de\/en\/about-artop\/shop\/","title":{"rendered":"Shop"},"content":{"rendered":"<div id=\"pl-43655\"  class=\"panel-layout\" ><div id=\"pg-43655-0\"  class=\"panel-grid panel-no-style\" ><div id=\"pgc-43655-0-0\"  class=\"panel-grid-cell\" ><div id=\"panel-43655-0-0-0\" class=\"so-panel widget widget_sow-editor panel-first-child panel-last-child\" data-index=\"0\" ><div\n\t\t\t\n\t\t\tclass=\"so-widget-sow-editor so-widget-sow-editor-base\"\n\t\t\t\n\t\t>\n<div class=\"siteorigin-widget-tinymce textwidget\">\n\t<p><img loading=\"lazy\" decoding=\"async\" class=\"alignnone wp-image-5530\" src=\"https:\/\/www.artop.de\/wp-content\/uploads\/2015\/12\/artop_toolbox_cover_web-1.jpg\" alt=\"\" width=\"330\" height=\"217\" srcset=\"https:\/\/www.artop.de\/wp-content\/uploads\/2015\/12\/artop_toolbox_cover_web-1.jpg 600w, https:\/\/www.artop.de\/wp-content\/uploads\/2015\/12\/artop_toolbox_cover_web-1-300x198.jpg 300w, https:\/\/www.artop.de\/wp-content\/uploads\/2015\/12\/artop_toolbox_cover_web-1-400x263.jpg 400w\" sizes=\"auto, (max-width: 330px) 100vw, 330px\" \/><\/p>\n<h2>Toolbox - Schrittmacher f\u00fcr Innovationen<\/h2>\n<p><em>by\u00a0<span class=\"author notFaded\" data-width=\"168\"> Jens H\u00fcttner<span class=\"contribution\"><span class=\"a-color-secondary\">, <\/span> <\/span> <\/span> <span class=\"author notFaded\" data-width=\"167\"> Ren\u00e9 Tr\u00e4der<span class=\"contribution\"><span class=\"a-color-secondary\">, <\/span> <\/span> <\/span> <span class=\"author notFaded\" data-width=\"141\"> Wolfgang Scholl<span class=\"contribution\"><span class=\"a-color-secondary\">, <\/span> <\/span> <\/span> <span class=\"author notFaded\" data-width=\"147\"> Sebastian Kunert<span class=\"contribution\"><span class=\"a-color-secondary\">, <\/span> <\/span> <\/span> <span class=\"author notFaded\" data-width=\"145\"> Frank Schmelzer<span class=\"contribution\"><span class=\"a-color-secondary\">, <\/span> <\/span> <\/span> <span class=\"author notFaded\" data-width=\"113\"> Julia Pullen<span class=\"contribution\"><span class=\"a-color-secondary\">, <\/span> <\/span> <\/span> <span class=\"author notFaded\" data-width=\"140\"> Stephan Bedenk <\/span><\/em><\/p>\n<p>History shows that some ideas initially have difficulties and need support. This tool kit collects and describes the best methods to promote innovation processes in a 136-page, high-quality book.<\/p>\n<p>2013, 136 color pages<br \/>\nMeasurements: 210\/145\/15 mm<br \/>\nLanguage: German<br \/>\nISBN: 978-3-00-042192-1<br \/>\n29,34 \u20ac (VAT included)<\/p>\n<p><i class=\"fa fa-file-pdf-o fa- \"><\/i><a href=\"https:\/\/www.artop.de\/wp-content\/uploads\/2015\/12\/artop_Toolbox_Vorschau.pdf\" target=\"_blank\" rel=\"noopener\">Preview<\/a><\/p>\n<p>Order here:<\/p>\n<div class=\"contact-phone\"><a href=\"tel:+493044012990\">+49 (0) 30 44 012 99-0<\/a><\/div>\n<div class=\"contact-e-mail\"><a href=\"mailto:kontakt@artop.de\">kontakt@artop.de<\/a><\/div>\n<p>&nbsp;<\/p>\n<p><img loading=\"lazy\" decoding=\"async\" class=\"alignnone wp-image-5668\" src=\"https:\/\/www.artop.de\/wp-content\/uploads\/2017\/08\/artop_failure_driven_innovation_cover_web.png\" alt=\"\" width=\"250\" height=\"351\" srcset=\"https:\/\/www.artop.de\/wp-content\/uploads\/2017\/08\/artop_failure_driven_innovation_cover_web.png 400w, https:\/\/www.artop.de\/wp-content\/uploads\/2017\/08\/artop_failure_driven_innovation_cover_web-214x300.png 214w\" sizes=\"auto, (max-width: 250px) 100vw, 250px\" \/><\/p>\n<h2>Failure-Driven Innovation<\/h2>\n<p><em><span class=\"author notFaded\" data-width=\"142\">by Alexander Allen<span class=\"contribution\"><span class=\"a-color-secondary\">, <\/span> <\/span> <\/span> <span class=\"author notFaded\" data-width=\"137\"> Olivier Berthod<span class=\"contribution\"><span class=\"a-color-secondary\">, <\/span> <\/span> <\/span> <span class=\"author notFaded\" data-width=\"147\"> Sebastian Kunert &amp; <\/span> <\/em><span class=\"author notFaded\" data-width=\"137\"><em> Torsten O Salge<\/em> <\/span><\/p>\n<p>In this book series, which was developed within the framework of a project by the Peter Pribilla Foundation, the focus is on failure as the engine of successful innovation projects. On 122 pages in English, the book summarizes the potentials behind failed projects towards a long-term success.<\/p>\n<p>2015, 122 color pages<br \/>\nMeasurements: 210\/145\/15 mm<br \/>\nLanguage: English<br \/>\nISBN: 978-3-9816623-1-3<br \/>\n18,65 \u20ac (VAT included)<\/p>\n<p><i class=\"fa fa-file-pdf-o fa- \"><\/i><a href=\"https:\/\/www.artop.de\/wp-content\/uploads\/2015\/12\/artop_failure_driven_innovation.pdf\" target=\"_blank\" rel=\"noopener\">Free Download<br \/>\n<\/a><\/p>\n<p>Order printversion here:<\/p>\n<div class=\"contact-phone\"><a href=\"tel:+493044012990\">+49 (0) 30 44 012 99-0<\/a><\/div>\n<div class=\"contact-e-mail\"><a href=\"mailto:kontakt@artop.de\">kontakt@artop.de<\/a><\/div>\n<p><img loading=\"lazy\" decoding=\"async\" class=\"alignnone wp-image-2351\" src=\"https:\/\/www.artop.de\/wp-content\/uploads\/2015\/12\/artop_usability_lernkarten_website-1.png\" alt=\"artop_usability_lernkarten_website\" width=\"550\" height=\"249\" srcset=\"https:\/\/www.artop.de\/wp-content\/uploads\/2015\/12\/artop_usability_lernkarten_website-1.png 752w, https:\/\/www.artop.de\/wp-content\/uploads\/2015\/12\/artop_usability_lernkarten_website-1-300x136.png 300w, https:\/\/www.artop.de\/wp-content\/uploads\/2015\/12\/artop_usability_lernkarten_website-1-400x181.png 400w\" sizes=\"auto, (max-width: 550px) 100vw, 550px\" \/><\/p>\n<h2>Usability-Learning Card Set<\/h2>\n<p>On the initiative of the professional association of the German Usability and User Experience Professionals (German UPA) now the certification programme UXQB was founded. artop helps usability-professionals-to-be prepare for a successful exam for the CPUX-F certification (\"Certified Professional for Usability and User Experience\"). The usability learning card set from artop serves as an aid to learning the basic concepts that should be mastered within the framework of certification.<\/p>\n<p>2nd revised edition, 2019<br \/>\n109 cards printed on both sides in color, packed in a box<br \/>\nMeasurements:\u00a0114 x 85 x 60 mm<br \/>\nISBN: 978-3-9816623-2-0<\/p>\n<p><i class=\"fa fa-file-pdf-o fa- \"><\/i><a href=\"https:\/\/www.artop.de\/wp-content\/uploads\/2019\/08\/artop_Usability_Lernkarten-Vorschau.pdf\" target=\"_blank\" rel=\"noopener\">Preview<\/a><\/p>\n<p>29,00 \u20ac (VAT Included)<\/p>\n<p>Order here:<\/p>\n<div class=\"contact-phone\"><a href=\"tel:+493044012990\">+49 (0) 30 44 012 99-0<\/a><\/div>\n<div class=\"contact-e-mail\"><a href=\"mailto:kontakt@artop.de\">kontakt@artop.de<\/a><\/div>\n<h3 class=\"widget-title\"><\/h3>\n<\/div>\n<\/div><\/div><\/div><div id=\"pgc-43655-0-1\"  class=\"panel-grid-cell\" ><div id=\"panel-43655-0-1-0\" class=\"so-panel widget widget_custom-menu-wizard widget_custom_menu_wizard panel-first-child\" data-index=\"1\" ><div class=\"widget-box-info panel-widget-style panel-widget-style-for-43655-0-1-0\" ><h3 class=\"widget-title\">About artop<\/h3><div class=\"menu-about-eng-container\"><ul id=\"menu-about-eng\" class=\"menu-widget  \" data-cmwv=\"3.3.0\" data-cmws='{&quot;menu&quot;:125,&quot;title&quot;:&quot;About artop&quot;}'><li id=\"menu-item-2514\" class=\"menu-item menu-item-type-post_type menu-item-object-page cmw-level-1 menu-item-2514\"><a href=\"https:\/\/www.artop.de\/en\/about-artop\/\">Company<\/a><\/li>\n<li id=\"menu-item-37846\" class=\"menu-item menu-item-type-post_type menu-item-object-page cmw-level-1 menu-item-37846\"><a href=\"https:\/\/www.artop.de\/en\/about-artop\/contact\/\">Contact<\/a><\/li>\n<li id=\"menu-item-68063\" class=\"menu-item menu-item-type-post_type menu-item-object-page cmw-level-1 menu-item-68063\"><a href=\"https:\/\/www.artop.de\/en\/consultants\/\">Consultants<\/a><\/li>\n<li id=\"menu-item-68062\" class=\"menu-item menu-item-type-post_type menu-item-object-page cmw-level-1 menu-item-68062\"><a href=\"https:\/\/www.artop.de\/en\/contact-persons\/\">Contact Persons<\/a><\/li>\n<li id=\"menu-item-53223\" class=\"menu-item menu-item-type-post_type menu-item-object-page cmw-level-1 menu-item-53223\"><a href=\"https:\/\/www.artop.de\/en\/about-artop\/colloquium\/\">Colloquium<\/a><\/li>\n<li id=\"menu-item-2547\" class=\"menu-item menu-item-type-post_type menu-item-object-page cmw-level-1 menu-item-2547\"><a href=\"https:\/\/www.artop.de\/en\/about-artop\/location\/\">Location &#038; Rooms<\/a><\/li>\n<li id=\"menu-item-2553\" class=\"menu-item menu-item-type-post_type menu-item-object-page cmw-level-1 menu-item-2553\"><a href=\"https:\/\/www.artop.de\/en\/about-artop\/values\/\">Values<\/a><\/li>\n<li id=\"menu-item-2560\" class=\"menu-item menu-item-type-post_type menu-item-object-page cmw-level-1 menu-item-2560\"><a href=\"https:\/\/www.artop.de\/en\/about-artop\/responsibility\/\">Responsibility<\/a><\/li>\n<li id=\"menu-item-2616\" class=\"menu-item menu-item-type-post_type menu-item-object-page cmw-level-1 menu-item-2616\"><a href=\"https:\/\/www.artop.de\/en\/about-artop\/customers\/\">Customers<\/a><\/li>\n<li id=\"menu-item-2567\" class=\"menu-item menu-item-type-post_type menu-item-object-page cmw-level-1 menu-item-2567\"><a href=\"https:\/\/www.artop.de\/en\/about-artop\/council\/\">Council<\/a><\/li>\n<li id=\"menu-item-52427\" class=\"menu-item menu-item-type-post_type menu-item-object-page cmw-level-1 menu-item-52427\"><a href=\"https:\/\/www.artop.de\/en\/about-artop\/shop\/\">Shop<\/a><\/li>\n<li id=\"menu-item-2587\" class=\"menu-item menu-item-type-post_type menu-item-object-page cmw-level-1 menu-item-2587\"><a href=\"https:\/\/www.artop.de\/en\/about-artop\/career\/\">Career<\/a><\/li>\n<li id=\"menu-item-2586\" class=\"menu-item menu-item-type-post_type menu-item-object-page cmw-level-1 menu-item-2586\"><a href=\"https:\/\/www.artop.de\/en\/about-artop\/terms-and-conditions\/\">Terms and Conditions<\/a><\/li>\n<li id=\"menu-item-13953\" class=\"menu-item menu-item-type-post_type menu-item-object-page cmw-level-1 menu-item-13953\"><a href=\"https:\/\/www.artop.de\/en\/about-artop\/data-protection-policy\/\">Data Protection Policy<\/a><\/li>\n<li id=\"menu-item-2594\" class=\"menu-item menu-item-type-post_type menu-item-object-page cmw-level-1 menu-item-2594\"><a href=\"https:\/\/www.artop.de\/en\/about-artop\/legal-note\/\">Legal Note<\/a><\/li>\n<\/ul><\/div><\/div><\/div><div id=\"panel-43655-0-1-1\" class=\"widget_text so-panel widget widget_custom_html panel-last-child\" data-index=\"2\" ><div class=\"widget_text widget-box-info panel-widget-style panel-widget-style-for-43655-0-1-1\" ><h3 class=\"widget-title\">Get in touch!<\/h3><div class=\"textwidget custom-html-widget\"><\/div><\/div><\/div><\/div><\/div><\/div>","protected":false},"excerpt":{"rendered":"<p>Toolbox &#8211; Schrittmacher f\u00fcr Innovationen by\u00a0 Jens H\u00fcttner, Ren\u00e9 Tr\u00e4der, Wolfgang Scholl, Sebastian Kunert, Frank Schmelzer, Julia Pullen, Stephan Bedenk History shows that some ideas initially have difficulties and need &hellip; <\/p>\n<p><a href=\"https:\/\/www.artop.de\/en\/about-artop\/shop\/\" class=\"more-link\"><span class=\"morelink-icon\">Read more<\/span><\/a><\/p>\n","protected":false},"author":35,"featured_media":0,"parent":2387,"menu_order":0,"comment_status":"closed","ping_status":"closed","template":"","meta":{"_acf_changed":false,"footnotes":""},"categories":[],"tags":[],"class_list":["post-43655","page","type-page","status-publish","hentry"],"acf":[],"_links":{"self":[{"href":"https:\/\/www.artop.de\/en\/wp-json\/wp\/v2\/pages\/43655","targetHints":{"allow":["GET"]}}],"collection":[{"href":"https:\/\/www.artop.de\/en\/wp-json\/wp\/v2\/pages"}],"about":[{"href":"https:\/\/www.artop.de\/en\/wp-json\/wp\/v2\/types\/page"}],"author":[{"embeddable":true,"href":"https:\/\/www.artop.de\/en\/wp-json\/wp\/v2\/users\/35"}],"replies":[{"embeddable":true,"href":"https:\/\/www.artop.de\/en\/wp-json\/wp\/v2\/comments?post=43655"}],"version-history":[{"count":6,"href":"https:\/\/www.artop.de\/en\/wp-json\/wp\/v2\/pages\/43655\/revisions"}],"predecessor-version":[{"id":52554,"href":"https:\/\/www.artop.de\/en\/wp-json\/wp\/v2\/pages\/43655\/revisions\/52554"}],"up":[{"embeddable":true,"href":"https:\/\/www.artop.de\/en\/wp-json\/wp\/v2\/pages\/2387"}],"wp:attachment":[{"href":"https:\/\/www.artop.de\/en\/wp-json\/wp\/v2\/media?parent=43655"}],"wp:term":[{"taxonomy":"category","embeddable":true,"href":"https:\/\/www.artop.de\/en\/wp-json\/wp\/v2\/categories?post=43655"},{"taxonomy":"post_tag","embeddable":true,"href":"https:\/\/www.artop.de\/en\/wp-json\/wp\/v2\/tags?post=43655"}],"curies":[{"name":"wp","href":"https:\/\/api.w.org\/{rel}","templated":true}]}}